{"id":2511,"date":"2022-09-16T22:41:17","date_gmt":"2022-09-16T21:41:17","guid":{"rendered":"https:\/\/onslowphotography.com\/?page_id=2511"},"modified":"2022-09-17T18:17:06","modified_gmt":"2022-09-17T17:17:06","slug":"note-legali","status":"publish","type":"page","link":"https:\/\/onslowphotography.com\/en\/note-legali\/","title":{"rendered":"Note legali"},"content":{"rendered":"\n<h4 class=\"wp-block-heading\">Finalit\u00e0<\/h4>\n\n\n\n<p>Questo sito ha esclusivamente finalit\u00e0 informative.<\/p>\n\n\n\n<p>Non ci sono finalit\u00e0 commerciali alla base della realizzazione di questo sito.<\/p>\n\n\n\n<p>Eventuali recensioni di libri, eventi o prodotti sono fatte in modo del tutto indipendente.<\/p>\n\n\n\n<p>Gli articoli sono pubblicati in modo non periodico, quando l&#8217;autore trova il tempo di farlo.<\/p>\n\n\n\n<h4 class=\"wp-block-heading\">Propriet\u00e0 intellettuale<\/h4>\n\n\n\n<p>Ogni diritto sui testi e sulle immagini di questo sito \u00e8 riservato, ai sensi della normativa vigente.&nbsp;<\/p>\n\n\n\n<p>Questo vuol dire che i contenuti di questo sito non possono essere copiati, distribuiti o pubblicati.<\/p>\n\n\n\n<p>Se avete necessit\u00e0 di utilizzare alcune immagini presenti su questo sito, scrivete all&#8217;autore, spiegando chiaramente le motivazioni della vostra richiesta:<\/p>\n\n\n<div class=\"wp-block-image\">\n<figure class=\"aligncenter size-full\"><img loading=\"lazy\" decoding=\"async\" width=\"200\" height=\"24\" src=\"https:\/\/onslowphotography.com\/wp-content\/uploads\/2022\/08\/mail-1.png\" alt=\"\" class=\"wp-image-1982\"\/><\/figure>\n<\/div>\n\n\n<h4 class=\"wp-block-heading\">Contenuti di terzi<\/h4>\n\n\n\n<p>Gli articoli presenti su questo sito possono contenere a fini puramente documentali delle immagini realizzate da terzi e delle quali \u00e8 ammessa la pubblicazione (es. in quanto di dominio pubblico o in quanto rilasciate con licenza Creative Commons).<\/p>\n\n\n\n<p>In tali casi l&#8217;autore e la fonte dell&#8217;immagine sono chiaramente indicati nella didascalia dell&#8217;immagine stessa. <\/p>\n\n\n\n<h4 class=\"wp-block-heading\">Limiti di responsabilit\u00e0<\/h4>\n\n\n\n<p>Per quanto l&#8217;autore faccia il possibile per riportare informazioni accurate, gli articoli possono contenere errori o inesattezze di cui l&#8217;autore non si assume alcuna responsabilit\u00e0.<\/p>\n\n\n\n<p>L&#8217;autore non si assume alcuna responsabilit\u00e0 per qualsiasi azione, decisione o iniziativa che chiunque possa avere intrapreso a seguito della lettura di un articolo pubblicato su questo sito.<\/p>\n\n\n\n<h4 class=\"wp-block-heading\">Cookie policy<\/h4>\n\n\n\n<p>Questo sito non raccoglie o memorizza alcun dato personale dei visitatori.<\/p>\n\n\n\n<p>Per ulteriori informazioni si prega di consultare la <a href=\"https:\/\/onslowphotography.com\/privacy-policy-2\/\">Privacy Policy<\/a>.<\/p>\n","protected":false},"excerpt":{"rendered":"<p>Finalit\u00e0 Questo sito ha esclusivamente finalit\u00e0 informative. Non ci sono finalit\u00e0 commerciali alla base della realizzazione di questo sito. Eventuali<\/p>\n","protected":false},"author":1,"featured_media":0,"parent":0,"menu_order":0,"comment_status":"closed","ping_status":"closed","template":"","meta":{"advgb_blocks_editor_width":"","advgb_blocks_columns_visual_guide":"","pgc_sgb_lightbox_settings":"","footnotes":""},"class_list":["post-2511","page","type-page","status-publish","hentry"],"yoast_head":"<!-- This site is optimized with the Yoast SEO plugin v27.4 - https:\/\/yoast.com\/product\/yoast-seo-wordpress\/ -->\n<title>Note legali<\/title>\n<meta name=\"description\" content=\"Finalit\u00e0 Questo sito ha esclusivamente finalit\u00e0 informative. Non ci sono finalit\u00e0 commerciali alla base della realizzazione di questo sito. Eventuali recensioni di libri, eventi o prodotti sono fatte in modo del tutto indipendente. Gli articoli sono pubblicati in modo non periodico, quando l&#039;autore trova il tempo di farlo. Propriet\u00e0 intellettuale Ogni diritto sui testi e&hellip;\" \/>\n<meta name=\"robots\" content=\"index, follow, max-snippet:-1, max-image-preview:large, max-video-preview:-1\" \/>\n<link rel=\"canonical\" href=\"http:\/\/Finalit\u00e0%20Questo%20sito%20ha%20esclusivamente%20finalit\u00e0%20informative.%20Non%20ci%20sono%20finalit\u00e0%20commerciali%20alla%20base%20della%20realizzazione%20di%20questo%20sito.%20Eventuali%20recensioni%20di%20libri,%20eventi%20o%20prodotti%20sono%20fatte%20in%20modo%20del%20tutto%20indipendente.%20Gli%20articoli%20sono%20pubblicati%20in%20modo%20non%20periodico,%20quando%20l'autore%20trova%20il%20tempo%20di%20farlo.%20Propriet\u00e0%20intellettuale%20Ogni%20diritto%20sui%20testi%20e&hellip;\" \/>\n<meta property=\"og:locale\" content=\"en_GB\" \/>\n<meta property=\"og:type\" content=\"article\" \/>\n<meta property=\"og:title\" content=\"Note legali\" \/>\n<meta property=\"og:description\" content=\"Finalit\u00e0 Questo sito ha esclusivamente finalit\u00e0 informative. Non ci sono finalit\u00e0 commerciali alla base della realizzazione di questo sito. Eventuali recensioni di libri, eventi o prodotti sono fatte in modo del tutto indipendente. Gli articoli sono pubblicati in modo non periodico, quando l&#039;autore trova il tempo di farlo. Propriet\u00e0 intellettuale Ogni diritto sui testi e&hellip;\" \/>\n<meta property=\"og:url\" content=\"https:\/\/onslowphotography.com\/en\/note-legali\/\" \/>\n<meta property=\"og:site_name\" content=\"On Slow Photography\" \/>\n<meta property=\"article:modified_time\" content=\"2022-09-17T17:17:06+00:00\" \/>\n<meta property=\"og:image\" content=\"https:\/\/onslowphotography.com\/wp-content\/uploads\/2022\/08\/mail-1.png\" \/>\n<meta name=\"twitter:card\" content=\"summary_large_image\" \/>\n<meta name=\"twitter:label1\" content=\"Estimated reading time\" \/>\n\t<meta name=\"twitter:data1\" content=\"1 minute\" \/>\n<script type=\"application\/ld+json\" class=\"yoast-schema-graph\">{\"@context\":\"https:\\\/\\\/schema.org\",\"@graph\":[{\"@type\":\"WebPage\",\"@id\":\"https:\\\/\\\/onslowphotography.com\\\/en\\\/note-legali\\\/\",\"url\":\"https:\\\/\\\/onslowphotography.com\\\/en\\\/note-legali\\\/\",\"name\":\"Note legali - On Slow Photography\",\"isPartOf\":{\"@id\":\"https:\\\/\\\/onslowphotography.com\\\/#website\"},\"primaryImageOfPage\":{\"@id\":\"https:\\\/\\\/onslowphotography.com\\\/en\\\/note-legali\\\/#primaryimage\"},\"image\":{\"@id\":\"https:\\\/\\\/onslowphotography.com\\\/en\\\/note-legali\\\/#primaryimage\"},\"thumbnailUrl\":\"https:\\\/\\\/onslowphotography.com\\\/wp-content\\\/uploads\\\/2022\\\/08\\\/mail-1.png\",\"datePublished\":\"2022-09-16T21:41:17+00:00\",\"dateModified\":\"2022-09-17T17:17:06+00:00\",\"breadcrumb\":{\"@id\":\"https:\\\/\\\/onslowphotography.com\\\/en\\\/note-legali\\\/#breadcrumb\"},\"inLanguage\":\"en-GB\",\"potentialAction\":[{\"@type\":\"ReadAction\",\"target\":[\"https:\\\/\\\/onslowphotography.com\\\/en\\\/note-legali\\\/\"]}]},{\"@type\":\"ImageObject\",\"inLanguage\":\"en-GB\",\"@id\":\"https:\\\/\\\/onslowphotography.com\\\/en\\\/note-legali\\\/#primaryimage\",\"url\":\"https:\\\/\\\/onslowphotography.com\\\/wp-content\\\/uploads\\\/2022\\\/08\\\/mail-1.png\",\"contentUrl\":\"https:\\\/\\\/onslowphotography.com\\\/wp-content\\\/uploads\\\/2022\\\/08\\\/mail-1.png\"},{\"@type\":\"BreadcrumbList\",\"@id\":\"https:\\\/\\\/onslowphotography.com\\\/en\\\/note-legali\\\/#breadcrumb\",\"itemListElement\":[{\"@type\":\"ListItem\",\"position\":1,\"name\":\"Home\",\"item\":\"https:\\\/\\\/onslowphotography.com\\\/\"},{\"@type\":\"ListItem\",\"position\":2,\"name\":\"Note legali\"}]},{\"@type\":\"WebSite\",\"@id\":\"https:\\\/\\\/onslowphotography.com\\\/en\\\/#website\",\"url\":\"https:\\\/\\\/onslowphotography.com\\\/en\\\/\",\"name\":\"On Slow Photography\",\"description\":\"Notes and experiments for a mindful approach to photography\",\"potentialAction\":[{\"@type\":\"SearchAction\",\"target\":{\"@type\":\"EntryPoint\",\"urlTemplate\":\"https:\\\/\\\/onslowphotography.com\\\/en\\\/?s={search_term_string}\"},\"query-input\":{\"@type\":\"PropertyValueSpecification\",\"valueRequired\":true,\"valueName\":\"search_term_string\"}}],\"inLanguage\":\"en-GB\"}]}<\/script>\n<!-- \/ Yoast SEO plugin. -->","yoast_head_json":{"title":"Note legali","description":"Finalit\u00e0 Questo sito ha esclusivamente finalit\u00e0 informative. Non ci sono finalit\u00e0 commerciali alla base della realizzazione di questo sito. Eventuali recensioni di libri, eventi o prodotti sono fatte in modo del tutto indipendente. Gli articoli sono pubblicati in modo non periodico, quando l'autore trova il tempo di farlo. Propriet\u00e0 intellettuale Ogni diritto sui testi e&hellip;","robots":{"index":"index","follow":"follow","max-snippet":"max-snippet:-1","max-image-preview":"max-image-preview:large","max-video-preview":"max-video-preview:-1"},"canonical":"Finalit\u00e0 Questo sito ha esclusivamente finalit\u00e0 informative. Non ci sono finalit\u00e0 commerciali alla base della realizzazione di questo sito. Eventuali recensioni di libri, eventi o prodotti sono fatte in modo del tutto indipendente. Gli articoli sono pubblicati in modo non periodico, quando l'autore trova il tempo di farlo. Propriet\u00e0 intellettuale Ogni diritto sui testi e&hellip;","og_locale":"en_GB","og_type":"article","og_title":"Note legali","og_description":"Finalit\u00e0 Questo sito ha esclusivamente finalit\u00e0 informative. Non ci sono finalit\u00e0 commerciali alla base della realizzazione di questo sito. Eventuali recensioni di libri, eventi o prodotti sono fatte in modo del tutto indipendente. Gli articoli sono pubblicati in modo non periodico, quando l'autore trova il tempo di farlo. Propriet\u00e0 intellettuale Ogni diritto sui testi e&hellip;","og_url":"https:\/\/onslowphotography.com\/en\/note-legali\/","og_site_name":"On Slow Photography","article_modified_time":"2022-09-17T17:17:06+00:00","og_image":[{"url":"https:\/\/onslowphotography.com\/wp-content\/uploads\/2022\/08\/mail-1.png","type":"","width":"","height":""}],"twitter_card":"summary_large_image","twitter_misc":{"Estimated reading time":"1 minute"},"schema":{"@context":"https:\/\/schema.org","@graph":[{"@type":"WebPage","@id":"https:\/\/onslowphotography.com\/en\/note-legali\/","url":"https:\/\/onslowphotography.com\/en\/note-legali\/","name":"Note legali - On Slow Photography","isPartOf":{"@id":"https:\/\/onslowphotography.com\/#website"},"primaryImageOfPage":{"@id":"https:\/\/onslowphotography.com\/en\/note-legali\/#primaryimage"},"image":{"@id":"https:\/\/onslowphotography.com\/en\/note-legali\/#primaryimage"},"thumbnailUrl":"https:\/\/onslowphotography.com\/wp-content\/uploads\/2022\/08\/mail-1.png","datePublished":"2022-09-16T21:41:17+00:00","dateModified":"2022-09-17T17:17:06+00:00","breadcrumb":{"@id":"https:\/\/onslowphotography.com\/en\/note-legali\/#breadcrumb"},"inLanguage":"en-GB","potentialAction":[{"@type":"ReadAction","target":["https:\/\/onslowphotography.com\/en\/note-legali\/"]}]},{"@type":"ImageObject","inLanguage":"en-GB","@id":"https:\/\/onslowphotography.com\/en\/note-legali\/#primaryimage","url":"https:\/\/onslowphotography.com\/wp-content\/uploads\/2022\/08\/mail-1.png","contentUrl":"https:\/\/onslowphotography.com\/wp-content\/uploads\/2022\/08\/mail-1.png"},{"@type":"BreadcrumbList","@id":"https:\/\/onslowphotography.com\/en\/note-legali\/#breadcrumb","itemListElement":[{"@type":"ListItem","position":1,"name":"Home","item":"https:\/\/onslowphotography.com\/"},{"@type":"ListItem","position":2,"name":"Note legali"}]},{"@type":"WebSite","@id":"https:\/\/onslowphotography.com\/en\/#website","url":"https:\/\/onslowphotography.com\/en\/","name":"On Slow Photography","description":"Notes and experiments for a mindful approach to photography","potentialAction":[{"@type":"SearchAction","target":{"@type":"EntryPoint","urlTemplate":"https:\/\/onslowphotography.com\/en\/?s={search_term_string}"},"query-input":{"@type":"PropertyValueSpecification","valueRequired":true,"valueName":"search_term_string"}}],"inLanguage":"en-GB"}]}},"coauthors":[],"author_meta":{"author_link":"https:\/\/onslowphotography.com\/en\/author\/mauage_quieey\/","display_name":"Maurizio Agelli"},"relative_dates":{"created":"Posted 4 years ago","modified":"Updated 4 years ago"},"absolute_dates":{"created":"Posted on 09\/16\/2022","modified":"Updated on 09\/17\/2022"},"absolute_dates_time":{"created":"Posted on 09\/16\/2022 22:41","modified":"Updated on 09\/17\/2022 18:17"},"featured_img_caption":"","featured_img":false,"series_order":"","_links":{"self":[{"href":"https:\/\/onslowphotography.com\/en\/wp-json\/wp\/v2\/pages\/2511","targetHints":{"allow":["GET"]}}],"collection":[{"href":"https:\/\/onslowphotography.com\/en\/wp-json\/wp\/v2\/pages"}],"about":[{"href":"https:\/\/onslowphotography.com\/en\/wp-json\/wp\/v2\/types\/page"}],"author":[{"embeddable":true,"href":"https:\/\/onslowphotography.com\/en\/wp-json\/wp\/v2\/users\/1"}],"replies":[{"embeddable":true,"href":"https:\/\/onslowphotography.com\/en\/wp-json\/wp\/v2\/comments?post=2511"}],"version-history":[{"count":4,"href":"https:\/\/onslowphotography.com\/en\/wp-json\/wp\/v2\/pages\/2511\/revisions"}],"predecessor-version":[{"id":2578,"href":"https:\/\/onslowphotography.com\/en\/wp-json\/wp\/v2\/pages\/2511\/revisions\/2578"}],"wp:attachment":[{"href":"https:\/\/onslowphotography.com\/en\/wp-json\/wp\/v2\/media?parent=2511"}],"curies":[{"name":"wp","href":"https:\/\/api.w.org\/{rel}","templated":true}]}}